{"id":324,"date":"2013-01-09T00:09:30","date_gmt":"2013-01-09T00:09:30","guid":{"rendered":"http:\/\/www.crystallinegreen.com\/?page_id=324"},"modified":"2026-03-19T20:34:53","modified_gmt":"2026-03-19T20:34:53","slug":"team","status":"publish","type":"page","link":"https:\/\/www.crystallinegreen.com\/?page_id=324","title":{"rendered":"About"},"content":{"rendered":"\n<p>Crystalline Green is a video games development studio, based in the UK. Founded in 2011, we make <a href=\"https:\/\/www.crystallinegreen.com\/?page_id=1716\">Aspirational games<\/a>.<\/p>\n\n\n\n<div style=\"height:32px\" aria-hidden=\"true\" class=\"wp-block-spacer\"><\/div>\n\n\n\n<p><strong>Press:<\/strong><br>For any press inquiries regarding Crystalline Green, email contact@crystallinegreen.com<\/p>\n\n\n\n<p>Presskits:<br><a href=\"http:\/\/crystallinegreen.com\/totemtopple\/presskit\/\">Totem Topple<\/a><br><a href=\"http:\/\/crystallinegreen.com\/flightoflight\/presskit\/\">Flight of Light<\/a><br><a href=\"https:\/\/crystallinegreen.com\/critias\/presskit\/\">Critias Empire<\/a><\/p>\n\n\n\n<p><strong>Legal:<\/strong><\/p>\n\n\n\n<p>Crystalline Green is a registered trademark of Crystalline Green Ltd. Registered in England &amp; Wales Company No. 07749412. Registered Address: Heath End, The Common, Chipperfield, Kings Langley WD49BL, UK<\/p>\n\n\n\n<p><strong>Impressum:<\/strong><\/p>\n\n\n\n<p>Crystalline Green GmbH is a German subsidiary of Crystalline Green Ltd.<br>Amtsgericht Charlottenburg (zu HRB 279256 B)<br>Handelsregister: Hardenbergstr. 31, 10623 Berlin<br>Vereinsregister: Amtsgerichtsplatz 1, 14057 Berlin<br>Adresse: Crystalline Green GmbH, Manitiusstra\u00dfe 6, 12047, Berlin, Deutschland<br>Gesch\u00e4ftsf\u00fchrer: James Andrew Coote<br>kontakt: contact@crystallinegreen.com<br>Inhaltlich Verantwortlicher gem. \u00a7 18 Abs. 2 MStV:<br>James Andrew Coote (Anschrift und Kontakt s.o.)<\/p>\n\n\n\n<p><strong>Images:<\/strong><\/p>\n\n\n\n<div class=\"wp-block-group is-nowrap is-layout-flex wp-container-core-group-is-layout-6c531013 wp-block-group-is-layout-flex\">\n<figure class=\"wp-block-image size-thumbnail\" style=\"margin-top:0;margin-right:0;margin-bottom:0;margin-left:0\"><a href=\"https:\/\/www.crystallinegreen.com\/wp-content\/uploads\/2023\/03\/james_cropped.png\"><img loading=\"lazy\" decoding=\"async\" width=\"150\" height=\"150\" src=\"https:\/\/www.crystallinegreen.com\/wp-content\/uploads\/2023\/03\/james_cropped-150x150.png\" alt=\"Medium young white man with dirty blond hair named James Coote, wearing blue shirt and jumper, smiling and looking slightly to one side, with some kind of modern glass fronted building in the background\" class=\"wp-image-1730\" srcset=\"https:\/\/www.crystallinegreen.com\/wp-content\/uploads\/2023\/03\/james_cropped-150x150.png 150w, https:\/\/www.crystallinegreen.com\/wp-content\/uploads\/2023\/03\/james_cropped-300x300.png 300w, https:\/\/www.crystallinegreen.com\/wp-content\/uploads\/2023\/03\/james_cropped-768x768.png 768w, https:\/\/www.crystallinegreen.com\/wp-content\/uploads\/2023\/03\/james_cropped-75x75.png 75w, https:\/\/www.crystallinegreen.com\/wp-content\/uploads\/2023\/03\/james_cropped.png 1024w\" sizes=\"auto, (max-width: 150px) 100vw, 150px\" \/><\/a><\/figure>\n\n\n\n<p>James Coote, Director<\/p>\n<\/div>\n\n\n\n<div class=\"wp-block-group is-nowrap is-layout-flex wp-container-core-group-is-layout-6c531013 wp-block-group-is-layout-flex\">\n<figure class=\"wp-block-image size-thumbnail\" style=\"margin-top:0;margin-right:0;margin-bottom:0;margin-left:0\"><a href=\"https:\/\/www.crystallinegreen.com\/wp-content\/uploads\/2023\/03\/logo_test_02.png\"><img loading=\"lazy\" decoding=\"async\" width=\"150\" height=\"150\" src=\"https:\/\/www.crystallinegreen.com\/wp-content\/uploads\/2023\/03\/logo_test_02-150x150.png\" alt=\"Irridescent green logo, angular in the shape of a letter C wrapped around a letter G.\" class=\"wp-image-1684\" srcset=\"https:\/\/www.crystallinegreen.com\/wp-content\/uploads\/2023\/03\/logo_test_02-150x150.png 150w, https:\/\/www.crystallinegreen.com\/wp-content\/uploads\/2023\/03\/logo_test_02.png 256w\" sizes=\"auto, (max-width: 150px) 100vw, 150px\" \/><\/a><\/figure>\n\n\n\n<p>Crystalline Green Logo<\/p>\n<\/div>\n\n\n\n<p>(The above images can be published in relation to Crystalline Green Ltd. and its employees without additional permission)<\/p>\n","protected":false},"excerpt":{"rendered":"<p>Crystalline Green is a video games development studio, based in the UK. Founded in 2011, we make Aspirational games. Press:For any press inquiries regarding Crystalline Green, email contact@crystallinegreen.com Presskits:Totem ToppleFlight of LightCritias Empire Legal: Crystalline Green is a registered trademark of Crystalline Green Ltd. Registered in England &amp; Wales Company No. 07749412. Registered Address: Heath [&hellip;]<\/p>\n","protected":false},"author":1,"featured_media":0,"parent":0,"menu_order":4,"comment_status":"closed","ping_status":"open","template":"","meta":{"site-container-style":"default","site-container-layout":"default","site-sidebar-layout":"default","disable-article-header":"default","disable-site-header":"default","disable-site-footer":"default","disable-content-area-spacing":"default","footnotes":""},"class_list":["post-324","page","type-page","status-publish","hentry"],"_links":{"self":[{"href":"https:\/\/www.crystallinegreen.com\/index.php?rest_route=\/wp\/v2\/pages\/324","targetHints":{"allow":["GET"]}}],"collection":[{"href":"https:\/\/www.crystallinegreen.com\/index.php?rest_route=\/wp\/v2\/pages"}],"about":[{"href":"https:\/\/www.crystallinegreen.com\/index.php?rest_route=\/wp\/v2\/types\/page"}],"author":[{"embeddable":true,"href":"https:\/\/www.crystallinegreen.com\/index.php?rest_route=\/wp\/v2\/users\/1"}],"replies":[{"embeddable":true,"href":"https:\/\/www.crystallinegreen.com\/index.php?rest_route=%2Fwp%2Fv2%2Fcomments&post=324"}],"version-history":[{"count":21,"href":"https:\/\/www.crystallinegreen.com\/index.php?rest_route=\/wp\/v2\/pages\/324\/revisions"}],"predecessor-version":[{"id":1849,"href":"https:\/\/www.crystallinegreen.com\/index.php?rest_route=\/wp\/v2\/pages\/324\/revisions\/1849"}],"wp:attachment":[{"href":"https:\/\/www.crystallinegreen.com\/index.php?rest_route=%2Fwp%2Fv2%2Fmedia&parent=324"}],"curies":[{"name":"wp","href":"https:\/\/api.w.org\/{rel}","templated":true}]}}